{"id":69,"date":"2024-01-18T19:09:10","date_gmt":"2024-01-18T19:09:10","guid":{"rendered":"https:\/\/lipride.lgbt\/?page_id=69"},"modified":"2024-08-28T17:35:07","modified_gmt":"2024-08-28T17:35:07","slug":"unser-team","status":"publish","type":"page","link":"https:\/\/lipride.lgbt\/?page_id=69","title":{"rendered":"Unser OK-Team"},"content":{"rendered":"\n<p class=\"has-text-align-center has-large-font-size\">Derzeit besteht unser Team aus sehr engagierten Mitmenschen, welche die liPride mit neuen Ideen f\u00fcllen und sie zu der macht, was sie heute ist.<\/p>\n\n\n<div class=\"tmm tmm_unser-team\"><div class=\"tmm_3_columns tmm_wrap tmm_plugin_f\"><span class=\"tmm_two_containers_tablet\"><\/span><div class=\"tmm_container\"><div class=\"tmm_member\" style=\"border-top:#333333 solid 5px;\"><div class=\"tmm_photo tmm_pic_unser-team_0\" style=\"background: url(https:\/\/lipride.lgbt\/wp-content\/uploads\/2024\/01\/SartoPhotography_DSC08154_print.png); margin-left: auto; margin-right:auto; background-size:cover !important;\"><\/div><div class=\"tmm_textblock\"><div class=\"tmm_names\"><span class=\"tmm_fname\">Elias<\/span> <span class=\"tmm_lname\">Deplazes<\/span><\/div><div class=\"tmm_job\">Acts\/ Design<\/div><div class=\"tmm_desc\" style=\"text-align:\"><p style=\"text-align: center\">Er\/ ihm<br><br>\u201eNeben einem klaren Zeichen, setzen wir uns mit der li-Pride daf\u00fcr ein, dass queere Menschen einen Tag lang im Mittelpunkt der Gesellschaft stehen. So wie es eigentlich jeden Tag sein m\u00fcsste. Ich bin dabei, um genau diesen Safeplace und die Sichtbarkeit zu schaffen.\"<\/p><\/div><div class=\"tmm_scblock\"><a class=\"tmm_sociallink\" href=\"mailto:lay&#111;ut&#064;&#108;ip&#114;i&#100;e&#046;l&#103;bt\" title=\"\"><img decoding=\"async\" alt=\"\" src=\"https:\/\/lipride.lgbt\/wp-content\/plugins\/team-members\/inc\/img\/links\/email.png\"\/><\/a><a target=\"_blank\" class=\"tmm_sociallink\" href=\"https:\/\/www.instagram.com\/lipride.li\/\" title=\"\"><img decoding=\"async\" alt=\"\" src=\"https:\/\/lipride.lgbt\/wp-content\/plugins\/team-members\/inc\/img\/links\/instagram.png\"\/><\/a><a class=\"tmm_sociallink\" href=\"mailto:&#115;o&#099;&#105;a&#108;me&#100;i&#097;&#064;&#108;&#105;p&#114;id&#101;&#046;l&#103;&#098;t\" title=\"\"><img decoding=\"async\" alt=\"\" src=\"https:\/\/lipride.lgbt\/wp-content\/plugins\/team-members\/inc\/img\/links\/email.png\"\/><\/a><\/div><\/div><\/div><div class=\"tmm_member\" style=\"border-top:#333333 solid 5px;\"><div class=\"tmm_photo tmm_pic_unser-team_1\" style=\"background: url(https:\/\/lipride.lgbt\/wp-content\/uploads\/2024\/01\/SartoPhotography_DSC08040-2_print-scaled.jpg); margin-left: auto; margin-right:auto; background-size:cover !important;\"><\/div><div class=\"tmm_textblock\"><div class=\"tmm_names\"><span class=\"tmm_fname\">Elea<\/span> <span class=\"tmm_lname\">Goldinger<\/span><\/div><div class=\"tmm_job\">Layout\/ St\u00e4nde<\/div><div class=\"tmm_desc\" style=\"text-align:\"><p style=\"text-align: center\">Sie\/ They\/ them<\/p><p style=\"text-align: center\">\u201eEin klares JA f\u00fcr Dich, Mich, Heute und Morgen. <br>Bei der li-Pride bin ich dabei um Vorurteile jeglicher Art von der Gesellschaft abzubauen und einen Safeplace f\u00fcr jeden Menschen zu schaffen. Sei DER Unterschied.\"<\/p><\/div><div class=\"tmm_scblock\"><a class=\"tmm_sociallink\" href=\"mailto:l&#097;&#121;&#111;u&#116;&#064;&#108;&#105;&#112;&#114;i&#100;e&#046;&#108;&#103;&#098;&#116;\" title=\"\"><img decoding=\"async\" alt=\"\" src=\"https:\/\/lipride.lgbt\/wp-content\/plugins\/team-members\/inc\/img\/links\/email.png\"\/><\/a><a target=\"_blank\" class=\"tmm_sociallink\" href=\"https:\/\/www.instagram.com\/lipride.li\/\" title=\"\"><img decoding=\"async\" alt=\"\" src=\"https:\/\/lipride.lgbt\/wp-content\/plugins\/team-members\/inc\/img\/links\/instagram.png\"\/><\/a><a class=\"tmm_sociallink\" href=\"mailto:&#115;o&#099;&#105;a&#108;&#109;e&#100;ia&#064;li&#112;rid&#101;&#046;l&#103;&#098;t\" title=\"\"><img decoding=\"async\" alt=\"\" src=\"https:\/\/lipride.lgbt\/wp-content\/plugins\/team-members\/inc\/img\/links\/email.png\"\/><\/a><\/div><\/div><\/div><span class=\"tmm_two_containers_tablet\"><\/span><div class=\"tmm_member\" style=\"border-top:#333333 solid 5px;\"><div class=\"tmm_photo tmm_pic_unser-team_2\" style=\"background: url(https:\/\/lipride.lgbt\/wp-content\/uploads\/2024\/01\/SartoPhotography_DSC08132_print.png); margin-left: auto; margin-right:auto; background-size:cover !important;\"><\/div><div class=\"tmm_textblock\"><div class=\"tmm_names\"><span class=\"tmm_fname\">Shania<\/span> <span class=\"tmm_lname\">Gassner<\/span><\/div><div class=\"tmm_job\">Marketing\/ Sponsoring<\/div><div class=\"tmm_desc\" style=\"text-align:\"><p style=\"text-align: center\">Sie\/ ihr<br><br>\u201eDie liPride erm\u00f6glicht es uns, einen Safe Space zu schaffen, in dem jede Person Akzeptanz erf\u00e4hrt, Vielfalt zelebriert wird und Barrieren abgebaut werden k\u00f6nnen. Das ist f\u00fcr mich ein wichtiger Schritt hin zu einer gleichberechtigten Gesellschaft.\"<\/p><\/div><div class=\"tmm_scblock\"><a class=\"tmm_sociallink\" href=\"mailto:&#109;e&#100;&#105;&#097;&#064;&#108;&#105;&#112;r&#105;&#100;&#101;&#046;lg&#098;&#116;\" title=\"\"><img decoding=\"async\" alt=\"\" src=\"https:\/\/lipride.lgbt\/wp-content\/plugins\/team-members\/inc\/img\/links\/email.png\"\/><\/a><a target=\"_blank\" class=\"tmm_sociallink\" href=\"https:\/\/www.instagram.com\/lipride.li\/\" title=\"\"><img decoding=\"async\" alt=\"\" src=\"https:\/\/lipride.lgbt\/wp-content\/plugins\/team-members\/inc\/img\/links\/instagram.png\"\/><\/a><\/div><\/div><\/div><\/div><span class=\"tmm_columns_containers_desktop\"><\/span><div class=\"tmm_container\"><div class=\"tmm_member\" style=\"border-top:#333333 solid 5px;\"><div class=\"tmm_photo tmm_pic_unser-team_3\" style=\"background: url(https:\/\/lipride.lgbt\/wp-content\/uploads\/2024\/01\/SartoPhotography_DSC08051_print.png); margin-left: auto; margin-right:auto; background-size:cover !important;\"><\/div><div class=\"tmm_textblock\"><div class=\"tmm_names\"><span class=\"tmm_fname\">Matthias<\/span> <span class=\"tmm_lname\">Breuss<\/span><\/div><div class=\"tmm_job\">Food&amp; Beverage<\/div><div class=\"tmm_desc\" style=\"text-align:\"><p style=\"text-align: center\">Er\/ihn<\/p><p style=\"text-align: center\">\u201eIch bin bei der Pride dabei, weil ich gerne etwas bewegen bzw. tun m\u00f6chte, was meiner Meinung nach sehr wichtig ist.\"<\/p><\/div><div class=\"tmm_scblock\"><a class=\"tmm_sociallink\" href=\"mailto:&#099;atering&#064;&#108;ip&#114;ide.&#108;g&#098;t\" title=\"\"><img decoding=\"async\" alt=\"\" src=\"https:\/\/lipride.lgbt\/wp-content\/plugins\/team-members\/inc\/img\/links\/email.png\"\/><\/a><a target=\"_blank\" class=\"tmm_sociallink\" href=\"https:\/\/www.instagram.com\/lipride.li\/\" title=\"\"><img decoding=\"async\" alt=\"\" src=\"https:\/\/lipride.lgbt\/wp-content\/plugins\/team-members\/inc\/img\/links\/instagram.png\"\/><\/a><\/div><\/div><\/div><span class=\"tmm_two_containers_tablet\"><\/span><div class=\"tmm_member\" style=\"border-top:#333333 solid 5px;\"><div class=\"tmm_photo tmm_pic_unser-team_4\" style=\"background: url(https:\/\/lipride.lgbt\/wp-content\/uploads\/2024\/01\/SartoPhotography_DSC08081_print.png); margin-left: auto; margin-right:auto; background-size:cover !important;\"><\/div><div class=\"tmm_textblock\"><div class=\"tmm_names\"><span class=\"tmm_fname\">Stefan<\/span> <span class=\"tmm_lname\">Marxer<\/span><\/div><div class=\"tmm_job\">Medien<\/div><div class=\"tmm_desc\" style=\"text-align:\"><p style=\"text-align: center\">Er\/ ihn<\/p><p style=\"text-align: center\">\u201eMit der liPride schaffen wir Sichtbarkeit, markieren Pr\u00e4senz, werden als Menschen wie Du und ich wahrnehmbar. So bauen wir Vorurteile ab, k\u00f6nnen unsere Forderungen nach mehr Akzeptanz und Abbau der Diskriminierungen unserer Community und die breite Unterst\u00fctzung in der Bev\u00f6lkerung aufzeigen.<br>Damit bereiten wir den Weg der Ver\u00e4nderung in Gesellschaft und Gesetzgebung erfolgreich vor.<\/p><\/div><div class=\"tmm_scblock\"><a class=\"tmm_sociallink\" href=\"mailto:&#109;ed&#105;a&#064;&#108;&#105;p&#114;id&#101;.&#108;&#103;b&#116;\" title=\"\"><img decoding=\"async\" alt=\"\" src=\"https:\/\/lipride.lgbt\/wp-content\/plugins\/team-members\/inc\/img\/links\/email.png\"\/><\/a><a target=\"_blank\" class=\"tmm_sociallink\" href=\"https:\/\/www.instagram.com\/lipride.li\/\" title=\"\"><img decoding=\"async\" alt=\"\" src=\"https:\/\/lipride.lgbt\/wp-content\/plugins\/team-members\/inc\/img\/links\/instagram.png\"\/><\/a><\/div><\/div><\/div><div style=\"clear:both;\"><\/div><\/div><\/div><\/div>\n","protected":false},"excerpt":{"rendered":"<p>Derzeit besteht unser Team aus sehr engagierten Mitmenschen, welche die liPride mit neuen Ideen f\u00fcllen und sie zu der macht, was sie heute ist.<\/p>\n","protected":false},"author":1,"featured_media":0,"parent":0,"menu_order":0,"comment_status":"closed","ping_status":"closed","template":"","meta":{"site-sidebar-layout":"default","site-content-layout":"","ast-site-content-layout":"default","site-content-style":"default","site-sidebar-style":"default","ast-global-header-display":"","ast-banner-title-visibility":"","ast-main-header-display":"","ast-hfb-above-header-display":"","ast-hfb-below-header-display":"","ast-hfb-mobile-header-display":"","site-post-title":"","ast-breadcrumbs-content":"","ast-featured-img":"","footer-sml-layout":"","ast-disable-related-posts":"","theme-transparent-header-meta":"","adv-header-id-meta":"","stick-header-meta":"","header-above-stick-meta":"","header-main-stick-meta":"","header-below-stick-meta":"","astra-migrate-meta-layouts":"default","ast-page-background-enabled":"default","ast-page-background-meta":{"desktop":{"background-color":"var(--ast-global-color-4)","background-image":"","background-repeat":"repeat","background-position":"center center","background-size":"auto","background-attachment":"scroll","background-type":"","background-media":"","overlay-type":"","overlay-color":"","overlay-opacity":"","overlay-gradient":""},"tablet":{"background-color":"","background-image":"","background-repeat":"repeat","background-position":"center center","background-size":"auto","background-attachment":"scroll","background-type":"","background-media":"","overlay-type":"","overlay-color":"","overlay-opacity":"","overlay-gradient":""},"mobile":{"background-color":"","background-image":"","background-repeat":"repeat","background-position":"center center","background-size":"auto","background-attachment":"scroll","background-type":"","background-media":"","overlay-type":"","overlay-color":"","overlay-opacity":"","overlay-gradient":""}},"ast-content-background-meta":{"desktop":{"background-color":"var(--ast-global-color-5)","background-image":"","background-repeat":"repeat","background-position":"center center","background-size":"auto","background-attachment":"scroll","background-type":"","background-media":"","overlay-type":"","overlay-color":"","overlay-opacity":"","overlay-gradient":""},"tablet":{"background-color":"var(--ast-global-color-5)","background-image":"","background-repeat":"repeat","background-position":"center center","background-size":"auto","background-attachment":"scroll","background-type":"","background-media":"","overlay-type":"","overlay-color":"","overlay-opacity":"","overlay-gradient":""},"mobile":{"background-color":"var(--ast-global-color-5)","background-image":"","background-repeat":"repeat","background-position":"center center","background-size":"auto","background-attachment":"scroll","background-type":"","background-media":"","overlay-type":"","overlay-color":"","overlay-opacity":"","overlay-gradient":""}},"footnotes":""},"class_list":["post-69","page","type-page","status-publish","hentry"],"jetpack_sharing_enabled":true,"_links":{"self":[{"href":"https:\/\/lipride.lgbt\/index.php?rest_route=\/wp\/v2\/pages\/69","targetHints":{"allow":["GET"]}}],"collection":[{"href":"https:\/\/lipride.lgbt\/index.php?rest_route=\/wp\/v2\/pages"}],"about":[{"href":"https:\/\/lipride.lgbt\/index.php?rest_route=\/wp\/v2\/types\/page"}],"author":[{"embeddable":true,"href":"https:\/\/lipride.lgbt\/index.php?rest_route=\/wp\/v2\/users\/1"}],"replies":[{"embeddable":true,"href":"https:\/\/lipride.lgbt\/index.php?rest_route=%2Fwp%2Fv2%2Fcomments&post=69"}],"version-history":[{"count":27,"href":"https:\/\/lipride.lgbt\/index.php?rest_route=\/wp\/v2\/pages\/69\/revisions"}],"predecessor-version":[{"id":1104,"href":"https:\/\/lipride.lgbt\/index.php?rest_route=\/wp\/v2\/pages\/69\/revisions\/1104"}],"wp:attachment":[{"href":"https:\/\/lipride.lgbt\/index.php?rest_route=%2Fwp%2Fv2%2Fmedia&parent=69"}],"curies":[{"name":"wp","href":"https:\/\/api.w.org\/{rel}","templated":true}]}}