{"id":75,"date":"2023-12-26T12:13:21","date_gmt":"2023-12-26T12:13:21","guid":{"rendered":"https:\/\/lipride.lgbt\/?page_id=75"},"modified":"2024-01-25T10:54:41","modified_gmt":"2024-01-25T10:54:41","slug":"geschichte","status":"publish","type":"page","link":"https:\/\/lipride.lgbt\/?page_id=75","title":{"rendered":"Geschichte"},"content":{"rendered":"\n<p>Das Thema \u201eeigene Pride in Liechtenstein\u201c war schon lange ein Thema, welches zwar im Verein erw\u00e4hnt, aber nicht umgesetzt wurde.<br>Im 2021, durch die Hilfe der Jungen Liste, wurde erstmals gr\u00f6sser \u00fcber das Thema Pride nachgedacht und gesprochen. <br><br>Die tats\u00e4chliche Planung der ersten Pride in Liechtenstein entstand im Januar 2022, als wir uns f\u00fcr ein Erasmus+ Projekt der AIBA anmeldeten. Zum aller ersten Mal entstand ein OK-Team bestehend aus neun sehr engagierten Menschen, die sich verteilt \u00fcber die Zeit 12 Mal trafen. Die Vorbereitungszeit war sehr intensiv. Ideen mussten gesammelt, neue Erfahrungen gemacht werden. Die knapp 5 Monate Vorbereitungszeit verstrich wie im Fluge.<br><br>Eine der wohl wichtigsten Frage war, wo die erste Pride in Liechtenstein statt finden sollte. Entschieden haben wir uns f\u00fcr Schaan. Dort wurden wir durch die Mitarbeitende aus dem SAL herzlich aufgenommen.<br><br>So fand am 11. Juni 2022 die erste li Pride unter dem Motto \u201ekumm o &amp; trau di\u201c statt.<br><br>Zahlreiche Ansprachen von Vorsteher, Botschafter*innen und Engagierten, gefolgt von vielf\u00e4ltiger Musik, umrahmten das Rahmenprogramm. An der Podiumsdiskussion wurde rege \u00fcber das Thema Ehe f\u00fcr Alle gesprochen. Unsere Forderungen wurden deponiert.<br>Die erste Pride in Liechtenstein war ein voller Erfolg. Wir z\u00e4hlten rund 1200 Besucher*innen. Ein Querschnitt der Bev\u00f6lkerung nahmen teil. Sowohl Jung, wie alt, ob Frau, Mann oder nichtbin\u00e4r. Die li Pride wurde rege besucht.<br><br>Nach einer positiven Bilanz beschloss das OK der li Pride im 2023 in die zweite Runde zu gehen.<br>Was ziehen wir aus unseren Erfahrungen heraus?\u00a0<br><br>Wir werden gesehen, wir werden geh\u00f6rt, wir werden akzeptiert. Wir haben Menschen, die unsere Pride nutzen, um sich zu outen. Was k\u00f6nnte es sch\u00f6neres geben, als zu sehen, dass unsere Pride ein Safe Place f\u00fcr Menschen ist, die unsere Hilfe dringend brauchen.<\/p>\n","protected":false},"excerpt":{"rendered":"<p>Das Thema \u201eeigene Pride in Liechtenstein\u201c war schon lange ein Thema, welches zwar im Verein erw\u00e4hnt, aber nicht umgesetzt wurde.Im 2021, durch die Hilfe der Jungen Liste, wurde erstmals gr\u00f6sser \u00fcber das Thema Pride nachgedacht und gesprochen. Die tats\u00e4chliche Planung der ersten Pride in Liechtenstein entstand im Januar 2022, als wir uns f\u00fcr ein Erasmus+ [&hellip;]<\/p>\n","protected":false},"author":1,"featured_media":0,"parent":0,"menu_order":0,"comment_status":"closed","ping_status":"closed","template":"","meta":{"site-sidebar-layout":"default","site-content-layout":"","ast-site-content-layout":"default","site-content-style":"default","site-sidebar-style":"default","ast-global-header-display":"","ast-banner-title-visibility":"","ast-main-header-display":"","ast-hfb-above-header-display":"","ast-hfb-below-header-display":"","ast-hfb-mobile-header-display":"","site-post-title":"","ast-breadcrumbs-content":"","ast-featured-img":"","footer-sml-layout":"","ast-disable-related-posts":"","theme-transparent-header-meta":"","adv-header-id-meta":"","stick-header-meta":"","header-above-stick-meta":"","header-main-stick-meta":"","header-below-stick-meta":"","astra-migrate-meta-layouts":"default","ast-page-background-enabled":"default","ast-page-background-meta":{"desktop":{"background-color":"var(--ast-global-color-4)","background-image":"","background-repeat":"repeat","background-position":"center center","background-size":"auto","background-attachment":"scroll","background-type":"","background-media":"","overlay-type":"","overlay-color":"","overlay-opacity":"","overlay-gradient":""},"tablet":{"background-color":"","background-image":"","background-repeat":"repeat","background-position":"center center","background-size":"auto","background-attachment":"scroll","background-type":"","background-media":"","overlay-type":"","overlay-color":"","overlay-opacity":"","overlay-gradient":""},"mobile":{"background-color":"","background-image":"","background-repeat":"repeat","background-position":"center center","background-size":"auto","background-attachment":"scroll","background-type":"","background-media":"","overlay-type":"","overlay-color":"","overlay-opacity":"","overlay-gradient":""}},"ast-content-background-meta":{"desktop":{"background-color":"var(--ast-global-color-5)","background-image":"","background-repeat":"repeat","background-position":"center center","background-size":"auto","background-attachment":"scroll","background-type":"","background-media":"","overlay-type":"","overlay-color":"","overlay-opacity":"","overlay-gradient":""},"tablet":{"background-color":"var(--ast-global-color-5)","background-image":"","background-repeat":"repeat","background-position":"center center","background-size":"auto","background-attachment":"scroll","background-type":"","background-media":"","overlay-type":"","overlay-color":"","overlay-opacity":"","overlay-gradient":""},"mobile":{"background-color":"var(--ast-global-color-5)","background-image":"","background-repeat":"repeat","background-position":"center center","background-size":"auto","background-attachment":"scroll","background-type":"","background-media":"","overlay-type":"","overlay-color":"","overlay-opacity":"","overlay-gradient":""}},"jetpack_post_was_ever_published":false,"footnotes":""},"class_list":["post-75","page","type-page","status-publish","hentry"],"jetpack_sharing_enabled":true,"_links":{"self":[{"href":"https:\/\/lipride.lgbt\/index.php?rest_route=\/wp\/v2\/pages\/75","targetHints":{"allow":["GET"]}}],"collection":[{"href":"https:\/\/lipride.lgbt\/index.php?rest_route=\/wp\/v2\/pages"}],"about":[{"href":"https:\/\/lipride.lgbt\/index.php?rest_route=\/wp\/v2\/types\/page"}],"author":[{"embeddable":true,"href":"https:\/\/lipride.lgbt\/index.php?rest_route=\/wp\/v2\/users\/1"}],"replies":[{"embeddable":true,"href":"https:\/\/lipride.lgbt\/index.php?rest_route=%2Fwp%2Fv2%2Fcomments&post=75"}],"version-history":[{"count":4,"href":"https:\/\/lipride.lgbt\/index.php?rest_route=\/wp\/v2\/pages\/75\/revisions"}],"predecessor-version":[{"id":676,"href":"https:\/\/lipride.lgbt\/index.php?rest_route=\/wp\/v2\/pages\/75\/revisions\/676"}],"wp:attachment":[{"href":"https:\/\/lipride.lgbt\/index.php?rest_route=%2Fwp%2Fv2%2Fmedia&parent=75"}],"curies":[{"name":"wp","href":"https:\/\/api.w.org\/{rel}","templated":true}]}}