{"id":842,"date":"2024-05-08T20:27:06","date_gmt":"2024-05-08T20:27:06","guid":{"rendered":"https:\/\/lipride.lgbt\/?page_id=842"},"modified":"2024-05-08T20:27:06","modified_gmt":"2024-05-08T20:27:06","slug":"zeitlicher-ablauf","status":"publish","type":"page","link":"https:\/\/lipride.lgbt\/?page_id=842","title":{"rendered":"Zeitlicher Ablauf"},"content":{"rendered":"\n<p class=\"has-text-align-center\"><strong>Start der vierte liPride: 12 Uhr<\/strong><br>\u00d6ffnung der Foodtrucks und Getr\u00e4nkeausschank<\/p>\n\n\n\n<p class=\"has-text-align-center\"><strong>Begr\u00fcssung 13 Uhr<\/strong><br>1. Ansprache<\/p>\n\n\n\n<p class=\"has-text-align-center\"><strong>ab 15 Uhr <\/strong>Georgy<\/p>\n\n\n\n<p class=\"has-text-align-center\"><strong>15.45 Uhr<\/strong> Ansprache RR Manuel Frick<\/p>\n\n\n\n<p class=\"has-text-align-center\"><strong>16 Uhr<\/strong> Ansprachen Botschafter und Diplomats of Equality<\/p>\n\n\n\n<p class=\"has-text-align-center\"><strong>16.30 Uhr<\/strong> Podiumsdiskussion &#8222;Queer und christlicher Glaube, Ehe f\u00fcr Alle&#8220;<\/p>\n\n\n\n<p class=\"has-text-align-center\"><strong>17.40 Uhr<\/strong> Forderungen FLay und liPride<\/p>\n\n\n\n<p class=\"has-text-align-center\"><strong>18 Uhr<\/strong> Tobias Jensen<\/p>\n\n\n\n<p class=\"has-text-align-center\"><strong>19 Uhr<\/strong> Tombola Verlosung<\/p>\n\n\n\n<p class=\"has-text-align-center\"><strong>19.30 Uhr<\/strong> Roa<\/p>\n\n\n\n<p class=\"has-text-align-center\"><strong>20 Uhr <\/strong>Start der Afterparty mit DJ Adoreble<\/p>\n\n\n\n<p class=\"has-text-align-center has-medium-font-size\"><\/p>\n","protected":false},"excerpt":{"rendered":"<p>Start der vierte liPride: 12 Uhr\u00d6ffnung der Foodtrucks und Getr\u00e4nkeausschank Begr\u00fcssung 13 Uhr1. Ansprache ab 15 Uhr Georgy 15.45 Uhr Ansprache RR Manuel Frick 16 Uhr Ansprachen Botschafter und Diplomats of Equality 16.30 Uhr Podiumsdiskussion &#8222;Queer und christlicher Glaube, Ehe f\u00fcr Alle&#8220; 17.40 Uhr Forderungen FLay und liPride 18 Uhr Tobias Jensen 19 Uhr Tombola [&hellip;]<\/p>\n","protected":false},"author":1,"featured_media":0,"parent":0,"menu_order":0,"comment_status":"closed","ping_status":"closed","template":"","meta":{"site-sidebar-layout":"default","site-content-layout":"","ast-site-content-layout":"default","site-content-style":"default","site-sidebar-style":"default","ast-global-header-display":"","ast-banner-title-visibility":"","ast-main-header-display":"","ast-hfb-above-header-display":"","ast-hfb-below-header-display":"","ast-hfb-mobile-header-display":"","site-post-title":"","ast-breadcrumbs-content":"","ast-featured-img":"","footer-sml-layout":"","ast-disable-related-posts":"","theme-transparent-header-meta":"","adv-header-id-meta":"","stick-header-meta":"","header-above-stick-meta":"","header-main-stick-meta":"","header-below-stick-meta":"","astra-migrate-meta-layouts":"default","ast-page-background-enabled":"default","ast-page-background-meta":{"desktop":{"background-color":"var(--ast-global-color-4)","background-image":"","background-repeat":"repeat","background-position":"center center","background-size":"auto","background-attachment":"scroll","background-type":"","background-media":"","overlay-type":"","overlay-color":"","overlay-opacity":"","overlay-gradient":""},"tablet":{"background-color":"","background-image":"","background-repeat":"repeat","background-position":"center center","background-size":"auto","background-attachment":"scroll","background-type":"","background-media":"","overlay-type":"","overlay-color":"","overlay-opacity":"","overlay-gradient":""},"mobile":{"background-color":"","background-image":"","background-repeat":"repeat","background-position":"center center","background-size":"auto","background-attachment":"scroll","background-type":"","background-media":"","overlay-type":"","overlay-color":"","overlay-opacity":"","overlay-gradient":""}},"ast-content-background-meta":{"desktop":{"background-color":"var(--ast-global-color-5)","background-image":"","background-repeat":"repeat","background-position":"center center","background-size":"auto","background-attachment":"scroll","background-type":"","background-media":"","overlay-type":"","overlay-color":"","overlay-opacity":"","overlay-gradient":""},"tablet":{"background-color":"var(--ast-global-color-5)","background-image":"","background-repeat":"repeat","background-position":"center center","background-size":"auto","background-attachment":"scroll","background-type":"","background-media":"","overlay-type":"","overlay-color":"","overlay-opacity":"","overlay-gradient":""},"mobile":{"background-color":"var(--ast-global-color-5)","background-image":"","background-repeat":"repeat","background-position":"center center","background-size":"auto","background-attachment":"scroll","background-type":"","background-media":"","overlay-type":"","overlay-color":"","overlay-opacity":"","overlay-gradient":""}},"jetpack_post_was_ever_published":false,"footnotes":""},"class_list":["post-842","page","type-page","status-publish","hentry"],"jetpack_sharing_enabled":true,"_links":{"self":[{"href":"https:\/\/lipride.lgbt\/index.php?rest_route=\/wp\/v2\/pages\/842","targetHints":{"allow":["GET"]}}],"collection":[{"href":"https:\/\/lipride.lgbt\/index.php?rest_route=\/wp\/v2\/pages"}],"about":[{"href":"https:\/\/lipride.lgbt\/index.php?rest_route=\/wp\/v2\/types\/page"}],"author":[{"embeddable":true,"href":"https:\/\/lipride.lgbt\/index.php?rest_route=\/wp\/v2\/users\/1"}],"replies":[{"embeddable":true,"href":"https:\/\/lipride.lgbt\/index.php?rest_route=%2Fwp%2Fv2%2Fcomments&post=842"}],"version-history":[{"count":1,"href":"https:\/\/lipride.lgbt\/index.php?rest_route=\/wp\/v2\/pages\/842\/revisions"}],"predecessor-version":[{"id":845,"href":"https:\/\/lipride.lgbt\/index.php?rest_route=\/wp\/v2\/pages\/842\/revisions\/845"}],"wp:attachment":[{"href":"https:\/\/lipride.lgbt\/index.php?rest_route=%2Fwp%2Fv2%2Fmedia&parent=842"}],"curies":[{"name":"wp","href":"https:\/\/api.w.org\/{rel}","templated":true}]}}