{"id":91,"date":"2024-01-18T18:53:07","date_gmt":"2024-01-18T18:53:07","guid":{"rendered":"https:\/\/lipride.lgbt\/?page_id=91"},"modified":"2024-01-18T19:57:50","modified_gmt":"2024-01-18T19:57:50","slug":"leitbild-vision-grundsaetze","status":"publish","type":"page","link":"https:\/\/lipride.lgbt\/?page_id=91","title":{"rendered":"Leitbild-Vision-Grunds\u00e4tze"},"content":{"rendered":"\n<p class=\"has-text-align-center has-medium-font-size\"><strong><span style=\"text-decoration: underline;\">Farbenfrohes Liechtenstein<br><\/span><\/strong>Die Pride Liechtenstein (liPride) steht als leuchtendes Symbol f\u00fcr Gleichheit, Akzeptanz und Inklusion in unserer Gesellschaft. Mit unserer Vision und unserem Engagement bieten wir der LGBTIAQ+ Gemeinschaft eine Plattform, auf der sie sich sicher und geh\u00f6rt f\u00fchlen k\u00f6nnen. Diese \u00dcbersicht stellt Ihnen die wesentlichen Aspekte der liPride vor &#8211; von den Ressourcen \u00fcber die Werte bis hin zu unserer Arbeitsweise und den Zielen, die uns antreiben.<\/p>\n\n\n\n<p class=\"has-text-align-center has-text-color has-link-color has-medium-font-size wp-elements-93bd48c21a9a729c233dee8b046cd556\" style=\"color:#c51212\"><span style=\"text-decoration: underline;\"><strong>Vision<br><\/strong><\/span>Unsere Vision ist es, ein Umfeld des Miteinanders zu schaffen, in dem alle sicher und gleichgestellt sind. Wir tr\u00e4umen von einer Gesellschaft, die sich st\u00e4ndig weiterentwickelt und in der Toleranz und Nachhaltigkeit an erster Stelle stehen. Wir m\u00f6chten das Potenzial aller Einzelnen f\u00f6rdern und sicherstellen, dass alle die M\u00f6glichkeit haben, ihr volles Potenzial auszusch\u00f6pfen.<\/p>\n\n\n\n<p class=\"has-text-align-center has-text-color has-link-color has-medium-font-size wp-elements-ae6e6e09c14b2291e98625e77a78dd4a\" style=\"color:#fc6700\"><strong><span style=\"text-decoration: underline;\">Werte<\/span><br><\/strong>Unsere Werte sind das R\u00fcckgrat von allem, was wir tun. Toleranz steht bei uns an erster Stelle, und wir setzen uns daf\u00fcr ein, dass alle, unabh\u00e4ngig von sexueller Orientierung oder Identit\u00e4t, mit Respekt und Offenheit behandelt wird. Bei uns steht der Mensch im Mittelpunkt, und wir sind stolz darauf, familienorientiert zu sein. Wir glauben an Zugeh\u00f6rigkeit und schaffen eine Atmosph\u00e4re, in der sich alle Mitglieder unserer Gemeinschaft willkommen und akzeptiert f\u00fchlen.<\/p>\n\n\n\n<p class=\"has-text-align-center has-text-color has-link-color has-medium-font-size wp-elements-284ff96b4ab2a28b8bc58b1433cf56ac\" style=\"color:#fdc221\"><strong><span style=\"text-decoration: underline;\">Ziele<br><\/span><\/strong>Unsere Hauptziele sind klar definiert: Wir streben nach Sichtbarkeit f\u00fcr die LGBTIAQ+-Gemeinschaft in Liechtenstein. Dabei setzen wir uns f\u00fcr die Rechte aller ein und betonen die Wichtigkeit von Zugeh\u00f6rigkeit und Inklusion. Aufkl\u00e4rung ist ein weiteres Kernziel von uns, um das Bewusstsein f\u00fcr die Belange der LGBTIAQ+-Gemeinschaft zu sch\u00e4rfen und Vorurteile abzubauen. Wir glauben an Selbstbestimmung und setzen uns daf\u00fcr ein, dass alle die Freiheit haben, sich selbst zu sein.<\/p>\n\n\n\n<p class=\"has-text-align-center has-text-color has-link-color has-medium-font-size wp-elements-a6c410e154c3932b16a2d7618b79fd55\" style=\"color:#0e814b\"><span style=\"text-decoration: underline;\"><strong>Ressourcen<br><\/strong><\/span>Die liPride hat sich als sicherer Ort etabliert, ein &#8222;Safe Space&#8220;, an dem alle willkommen sind und sich frei und ohne Angst ausdr\u00fccken k\u00f6nnen. Wir sind stets bereit, Hilfe und Unterst\u00fctzung anzubieten, insbesondere f\u00fcr diejenigen, die neu in der Gemeinschaft sind oder Beistand suchen. Dar\u00fcber hinaus bieten wir \u00fcber unsere offizielle Homepage und soziale Medien auch eine Informationsplattform an. Transparenz und Empathie sind Kernwerte, die wir st\u00e4ndig pflegen, um sicherzustellen, dass sich alle Teilnehmenden unserer Veranstaltungen sicher und verstanden f\u00fchlen. Dank unserer erfahrenen Veranstalte*innen garantieren wir erfolgreiche und effektive Veranstaltungen, die wirklich einen Unterschied machen.<\/p>\n\n\n\n<p class=\"has-text-align-center has-ast-global-color-0-color has-text-color has-link-color has-medium-font-size wp-elements-69c6608c44ae40dd8257c2ff7b137606\"><span style=\"text-decoration: underline;\"><strong>Arbeitsweise<br><\/strong><\/span>Unsere Arbeitsweise ist von Wertsch\u00e4tzung, Freundlichkeit und Verst\u00e4ndnis gepr\u00e4gt. Jede Interaktion ist gepr\u00e4gt von Empathie und Ressourcenorientierung, wobei wir immer versuchen, die individuellen Bed\u00fcrfnisse und Anliegen zu ber\u00fccksichtigen. Unsere Arbeit erfolgt auf pers\u00f6nlicher Ebene, wobei die Selbstf\u00fcrsorge der Mitglieder immer ber\u00fccksichtigt wird. Wir legen Wert auf Verbindlichkeit in allem, was wir tun, um sicherzustellen, dass unsere Gemeinschaft immer auf uns z\u00e4hlen kann.<\/p>\n\n\n\n<p class=\"has-text-align-center has-vivid-purple-color has-text-color has-link-color has-medium-font-size wp-elements-439b46eb56a41820eb8b9713076a26d9\"><strong><span style=\"text-decoration: underline;\">Impact<br><\/span><\/strong>Durch unsere Arbeit haben wir einen starken Zusammenhalt in der Gemeinschaft gef\u00f6rdert und gleichzeitig die Sichtbarkeit der LGBTIAQ+-Gemeinschaft erh\u00f6ht. Unsere Bildungsinitiativen haben dazu beigetragen, das Bewusstsein zu sch\u00e4rfen und die Akzeptanz in der Bev\u00f6lkerung zu erh\u00f6hen. Mit jedem Event, jeder Kampagne und jedem Projekt tragen wir dazu bei, das Selbstbewusstsein der Mitglieder unserer Gemeinschaft zu st\u00e4rken. Unser Ansatz ist integrativ, und wir verbinden Menschen aus allen Lebensbereichen.<\/p>\n\n\n\n<p class=\"has-text-align-center has-medium-font-size\"><strong><span style=\"text-decoration: underline;\">St\u00e4rke durch Vielfalt<\/span><\/strong><br>Die Kraft und Bedeutung der Pride Liechtenstein liegen in ihrer F\u00e4higkeit, sowohl die individuellen Mitglieder der LGBTIAQ+ Gemeinschaft zu st\u00e4rken als auch die gesellschaftliche Wahrnehmung positiv zu beeinflussen. Mit unserer klaren Vision und dem messbaren Einfluss, den wir bereits erreicht haben, schreiten wir weiter voran, immer mit dem Ziel, eine integrative und liebevolle Gemeinschaft f\u00fcr alle zu schaffen. Lassen Sie uns gemeinsam eine Zukunft gestalten, in der jeder stolz darauf sein kann, wer er ist.<\/p>\n","protected":false},"excerpt":{"rendered":"<p>Farbenfrohes LiechtensteinDie Pride Liechtenstein (liPride) steht als leuchtendes Symbol f\u00fcr Gleichheit, Akzeptanz und Inklusion in unserer Gesellschaft. Mit unserer Vision und unserem Engagement bieten wir der LGBTIAQ+ Gemeinschaft eine Plattform, auf der sie sich sicher und geh\u00f6rt f\u00fchlen k\u00f6nnen. Diese \u00dcbersicht stellt Ihnen die wesentlichen Aspekte der liPride vor &#8211; von den Ressourcen \u00fcber die [&hellip;]<\/p>\n","protected":false},"author":1,"featured_media":0,"parent":0,"menu_order":0,"comment_status":"closed","ping_status":"closed","template":"","meta":{"site-sidebar-layout":"default","site-content-layout":"","ast-site-content-layout":"default","site-content-style":"default","site-sidebar-style":"default","ast-global-header-display":"","ast-banner-title-visibility":"","ast-main-header-display":"","ast-hfb-above-header-display":"","ast-hfb-below-header-display":"","ast-hfb-mobile-header-display":"","site-post-title":"","ast-breadcrumbs-content":"","ast-featured-img":"","footer-sml-layout":"","ast-disable-related-posts":"","theme-transparent-header-meta":"","adv-header-id-meta":"","stick-header-meta":"","header-above-stick-meta":"","header-main-stick-meta":"","header-below-stick-meta":"","astra-migrate-meta-layouts":"default","ast-page-background-enabled":"default","ast-page-background-meta":{"desktop":{"background-color":"var(--ast-global-color-4)","background-image":"","background-repeat":"repeat","background-position":"center center","background-size":"auto","background-attachment":"scroll","background-type":"","background-media":"","overlay-type":"","overlay-color":"","overlay-opacity":"","overlay-gradient":""},"tablet":{"background-color":"","background-image":"","background-repeat":"repeat","background-position":"center center","background-size":"auto","background-attachment":"scroll","background-type":"","background-media":"","overlay-type":"","overlay-color":"","overlay-opacity":"","overlay-gradient":""},"mobile":{"background-color":"","background-image":"","background-repeat":"repeat","background-position":"center center","background-size":"auto","background-attachment":"scroll","background-type":"","background-media":"","overlay-type":"","overlay-color":"","overlay-opacity":"","overlay-gradient":""}},"ast-content-background-meta":{"desktop":{"background-color":"var(--ast-global-color-5)","background-image":"","background-repeat":"repeat","background-position":"center center","background-size":"auto","background-attachment":"scroll","background-type":"","background-media":"","overlay-type":"","overlay-color":"","overlay-opacity":"","overlay-gradient":""},"tablet":{"background-color":"var(--ast-global-color-5)","background-image":"","background-repeat":"repeat","background-position":"center center","background-size":"auto","background-attachment":"scroll","background-type":"","background-media":"","overlay-type":"","overlay-color":"","overlay-opacity":"","overlay-gradient":""},"mobile":{"background-color":"var(--ast-global-color-5)","background-image":"","background-repeat":"repeat","background-position":"center center","background-size":"auto","background-attachment":"scroll","background-type":"","background-media":"","overlay-type":"","overlay-color":"","overlay-opacity":"","overlay-gradient":""}},"jetpack_post_was_ever_published":false,"footnotes":""},"class_list":["post-91","page","type-page","status-publish","hentry"],"jetpack_sharing_enabled":true,"_links":{"self":[{"href":"https:\/\/lipride.lgbt\/index.php?rest_route=\/wp\/v2\/pages\/91","targetHints":{"allow":["GET"]}}],"collection":[{"href":"https:\/\/lipride.lgbt\/index.php?rest_route=\/wp\/v2\/pages"}],"about":[{"href":"https:\/\/lipride.lgbt\/index.php?rest_route=\/wp\/v2\/types\/page"}],"author":[{"embeddable":true,"href":"https:\/\/lipride.lgbt\/index.php?rest_route=\/wp\/v2\/users\/1"}],"replies":[{"embeddable":true,"href":"https:\/\/lipride.lgbt\/index.php?rest_route=%2Fwp%2Fv2%2Fcomments&post=91"}],"version-history":[{"count":6,"href":"https:\/\/lipride.lgbt\/index.php?rest_route=\/wp\/v2\/pages\/91\/revisions"}],"predecessor-version":[{"id":634,"href":"https:\/\/lipride.lgbt\/index.php?rest_route=\/wp\/v2\/pages\/91\/revisions\/634"}],"wp:attachment":[{"href":"https:\/\/lipride.lgbt\/index.php?rest_route=%2Fwp%2Fv2%2Fmedia&parent=91"}],"curies":[{"name":"wp","href":"https:\/\/api.w.org\/{rel}","templated":true}]}}